{"id":10,"date":"2019-04-13T14:25:30","date_gmt":"2019-04-13T12:25:30","guid":{"rendered":"https:\/\/sunmountain.dyndns.biz:40446\/?page_id=10"},"modified":"2026-03-19T17:53:14","modified_gmt":"2026-03-19T16:53:14","slug":"vinnare","status":"publish","type":"page","link":"https:\/\/sunmountain.dyndns.info\/index.php\/vinnare\/","title":{"rendered":"Vinnare"},"content":{"rendered":"<h2 align=\"CENTER\">The2025 winners<\/h2>\n<p align=\"CENTER\">Raymond Wiklund och Mikael T\u00e4ll<\/p>\n<h2 align=\"CENTER\">The2024 winners<\/h2>\n<p align=\"CENTER\">Hasse Nilsson och Bosse Johansson<\/p>\n<h2 align=\"CENTER\">The2023 winners<\/h2>\n<p align=\"CENTER\">G\u00f6ran Runeskog och Mikael Fogl\u00f6v<\/p>\n<h2 align=\"CENTER\">The2022 winners<\/h2>\n<h2 align=\"CENTER\"><em><img loading=\"lazy\" decoding=\"async\" src=\"https:\/\/sunmountain.dyndns.info\/pics2022\/Sunmgr2.jpg\" width=\"326\" height=\"228\" align=\"BOTTOM\" border=\"0\"><\/em><\/h2>\n<p align=\"CENTER\">Gunnar Larsson och Hasse Nilsson<\/p>\n<h2 align=\"CENTER\">The2021 winners<\/h2>\n<p align=\"CENTER\">Gunnar Larsson och Jan Ohm<\/p>\n<h2 align=\"CENTER\">The2020 winners<\/h2>\n<h2 align=\"CENTER\">The2019 winners<\/h2>\n<p align=\"CENTER\">Per-Erik Johansson och G\u00f6ran Runskog<\/p>\n<h2 align=\"CENTER\">The2018 winners<\/h2>\n<p align=\"CENTER\">Per-Erik Johansson och Roger Johansson<\/p>\n<h2 align=\"CENTER\">The2017 winners<\/h2>\n<h2 align=\"CENTER\">The2016 winners<\/h2>\n<h2 align=\"CENTER\">The2015 winners<\/h2>\n<h2 align=\"CENTER\">The2014 winners<\/h2>\n<h2 align=\"CENTER\">The2013 winners<\/h2>\n<h2 align=\"CENTER\"><em><img loading=\"lazy\" decoding=\"async\" src=\"https:\/\/sunmountain.dyndns.info\/pics2014\/20141129_234737.jpg\" width=\"326\" height=\"228\" align=\"BOTTOM\" border=\"0\"><\/em><\/h2>\n<h2 align=\"CENTER\">The2012 winner<\/h2>\n<h2 align=\"CENTER\"><em><img loading=\"lazy\" decoding=\"async\" src=\"https:\/\/sunmountain.dyndns.info\/pics2012\/DSCN2241.JPG\" width=\"326\" height=\"228\" align=\"BOTTOM\" border=\"0\"><\/em><\/h2>\n<h2 align=\"CENTER\">Tips fr\u00e5n Micke T\u00e4ll, Solbergadagen sista helgen i Augusti.<\/h2>\n<h2 align=\"CENTER\">The2011 winners<\/h2>\n<p align=\"CENTER\">Mikael Rosberg och Micke Fogl\u00f6v<\/p>\n<h2 align=\"CENTER\">The2010 winners<\/h2>\n<p align=\"CENTER\">Jan Ohm och Bosse Johansson<\/p>\n<h2 align=\"CENTER\"><em><img loading=\"lazy\" decoding=\"async\" src=\"https:\/\/sunmountain.dyndns.info\/pics2010\/image010.jpg\" width=\"326\" height=\"228\" align=\"BOTTOM\" border=\"0\"><\/em><\/h2>\n<h2 align=\"CENTER\"><span style=\"font-size: large;\"><span style=\"font-family: Verdana;\">The2009 winners<\/span><\/h2>\n<p align=\"CENTER\"><span style=\"font-size: large;\"><span style=\"font-family: Verdana;\">G\u00f6ran Runeskog och Micke Fogl\u00f6v<\/span><\/p>\n<h2 align=\"CENTER\"><em><img loading=\"lazy\" decoding=\"async\" src=\"https:\/\/sunmountain.dyndns.info\/pics2009\/image041.jpg\" width=\"326\" height=\"228\" align=\"BOTTOM\" border=\"0\"><\/em><\/h2>\n<h2 align=\"CENTER\"><em><span style=\"font-size: large;\"><span style=\"font-family: Verdana;\">The2008 winners<\/span><\/span><\/em><\/h2>\n<p align=\"CENTER\"><em><span style=\"font-size: large;\"><span style=\"font-family: Verdana;\">OAVGJORT (enligt Micke T\u00e4ll)<\/span><\/em><\/p>\n<h2 align=\"CENTER\"><em><span style=\"font-size: large;\"><span style=\"font-family: Verdana;\">The2007 winners<\/span><\/em><\/h2>\n<p align=\"CENTER\"><em><span style=\"font-size: large;\"><span style=\"font-family: Verdana;\">Mikael Rosberg, Mikael T\u00e4ll och G\u00f6ran Runeskog<\/span><\/em><\/p>\n<h2 align=\"CENTER\"><em><span style=\"font-size: large;\"><span style=\"font-family: Verdana;\">The2006 winners<\/span><\/em><\/h2>\n<h2 align=\"CENTER\"><em><img loading=\"lazy\" decoding=\"async\" src=\"https:\/\/sunmountain.dyndns.info\/pics2006\/6AOL0020.jpg\" width=\"326\" height=\"228\" align=\"BOTTOM\" border=\"0\"><\/em><\/h2>\n<h2 align=\"CENTER\"><em><span style=\"font-size: large;\"><span style=\"font-family: Verdana;\">The2005 winners<\/span><\/em><\/h2>\n<h2 align=\"CENTER\"><em><img loading=\"lazy\" decoding=\"async\" src=\"https:\/\/sunmountain.dyndns.info\/pics2005\/DSC01133.jpg\" width=\"326\" height=\"228\" align=\"BOTTOM\" border=\"0\"><\/em><\/h2>\n<h2 align=\"CENTER\"><em><span style=\"font-size: large;\"><span style=\"font-family: Verdana;\">The2004 winners<\/span><\/em><\/h2>\n<h2 align=\"CENTER\"><em><img loading=\"lazy\" decoding=\"async\" src=\"https:\/\/sunmountain.dyndns.info\/pics2004\/win2004.jpg\" width=\"326\" height=\"228\" align=\"BOTTOM\" border=\"0\"><\/em><\/h2>\n<h2 align=\"CENTER\"><em><span style=\"font-size: large;\"><span style=\"font-family: Verdana;\">The2003 winners<\/span><\/em><\/h2>\n<h2 align=\"CENTER\"><em><img loading=\"lazy\" decoding=\"async\" src=\"https:\/\/sunmountain.dyndns.info\/pics2003\/win2003.jpg\" width=\"326\" height=\"228\" align=\"BOTTOM\" border=\"0\"><\/em><\/h2>\n<h2 align=\"CENTER\"><em><span style=\"font-size: large;\"><span style=\"font-family: Verdana;\">The2002 winners<\/span><\/em><\/h2>\n<p align=\"CENTER\"><em><img loading=\"lazy\" decoding=\"async\" src=\"https:\/\/sunmountain.dyndns.info\/pics2002\/PB240045.JPG\" width=\"322\" height=\"202\" align=\"BOTTOM\" border=\"0\"><\/em><\/p>\n<p>&nbsp;<\/p>\n","protected":false},"excerpt":{"rendered":"<p>The2025 winners Raymond Wiklund och Mikael T\u00e4ll The2024 winners Hasse Nilsson och Bosse Johansson The2023 winners G\u00f6ran Runeskog och Mikael Fogl\u00f6v The2022 winners Gunnar Larsson och Hasse Nilsson The2021 winners Gunnar Larsson och Jan Ohm The2020 winners The2019 winners Per-Erik Johansson och G\u00f6ran Runskog The2018 winners Per-Erik Johansson och Roger Johansson The2017 winners The2016 winners [&hellip;]<\/p>\n","protected":false},"author":2,"featured_media":0,"parent":0,"menu_order":0,"comment_status":"closed","ping_status":"closed","template":"","meta":{"_monsterinsights_skip_tracking":false,"_monsterinsights_sitenote_active":false,"_monsterinsights_sitenote_note":"","_monsterinsights_sitenote_category":0,"footnotes":""},"class_list":["post-10","page","type-page","status-publish","hentry"],"_links":{"self":[{"href":"https:\/\/sunmountain.dyndns.info\/index.php\/wp-json\/wp\/v2\/pages\/10","targetHints":{"allow":["GET"]}}],"collection":[{"href":"https:\/\/sunmountain.dyndns.info\/index.php\/wp-json\/wp\/v2\/pages"}],"about":[{"href":"https:\/\/sunmountain.dyndns.info\/index.php\/wp-json\/wp\/v2\/types\/page"}],"author":[{"embeddable":true,"href":"https:\/\/sunmountain.dyndns.info\/index.php\/wp-json\/wp\/v2\/users\/2"}],"replies":[{"embeddable":true,"href":"https:\/\/sunmountain.dyndns.info\/index.php\/wp-json\/wp\/v2\/comments?post=10"}],"version-history":[{"count":35,"href":"https:\/\/sunmountain.dyndns.info\/index.php\/wp-json\/wp\/v2\/pages\/10\/revisions"}],"predecessor-version":[{"id":609,"href":"https:\/\/sunmountain.dyndns.info\/index.php\/wp-json\/wp\/v2\/pages\/10\/revisions\/609"}],"wp:attachment":[{"href":"https:\/\/sunmountain.dyndns.info\/index.php\/wp-json\/wp\/v2\/media?parent=10"}],"curies":[{"name":"wp","href":"https:\/\/api.w.org\/{rel}","templated":true}]}}