{"id":110,"date":"2019-04-13T14:39:59","date_gmt":"2019-04-13T12:39:59","guid":{"rendered":"https:\/\/sunmountain.dyndns.biz:40446\/?page_id=110"},"modified":"2023-11-10T20:07:36","modified_gmt":"2023-11-10T19:07:36","slug":"2019-3","status":"publish","type":"page","link":"https:\/\/sunmountain.dyndns.info\/index.php\/2019-3\/","title":{"rendered":"2019"},"content":{"rendered":"<p><center>ARRANG\u00d6RER: Micke Fogl\u00f6v, G\u00f6ran Runeskog och Gunnar Larsson 16\/11-2019<\/center>&nbsp;<\/p>\n<div align=\"center\"><\/div>\n<table style=\"border-collapse: collapse;\" border=\"1\" width=\"45%\" cellspacing=\"0\" cellpadding=\"0\">\n<tbody>\n<tr>\n<td width=\"12%\"><b>TID<\/b><\/td>\n<td width=\"49%\"><b>PLATS<\/b><\/td>\n<td width=\"49%\"><b>AKTIVITET<\/b><\/td>\n<\/tr>\n<tr>\n<td width=\"12%\">12:00<\/td>\n<td width=\"49%\">Farsta brandstation<\/td>\n<td width=\"49%\">Innebandy + laglottining<\/td>\n<\/tr>\n<tr>\n<td width=\"12%\">13:30<\/td>\n<td width=\"39%\">Farsta brandstation, 1:a femkampsgrenen<\/td>\n<td width=\"59%\">Softtennis<\/td>\n<\/tr>\n<tr>\n<td width=\"12%\">16:00<\/td>\n<td width=\"39%\">Nyfosa, 2:a femkampsgrenen<\/td>\n<td width=\"59%\">Bordshockey<\/td>\n<\/tr>\n<tr>\n<td width=\"12%\">16:00<\/td>\n<td width=\"39%\">Nyfosa, 3:e femkampsgrenen<\/td>\n<td width=\"59%\">Minipingis<\/td>\n<\/tr>\n<tr>\n<td width=\"12%\">17:00<\/td>\n<td width=\"39%\">Nyfosa<\/td>\n<td width=\"59%\">K\u00e4k (Catering)<\/td>\n<\/tr>\n<tr>\n<td width=\"12%\">20:00<\/td>\n<td width=\"39%\">Nyfosa, 4:e femkampsgrenen<\/td>\n<td width=\"59%\">Fr\u00e5gesport 1<\/td>\n<\/tr>\n<tr>\n<td width=\"12%\">21:00<\/td>\n<td width=\"39%\">Nyfosa, 5:e femkampsgrenen<\/td>\n<td width=\"59%\">Fr\u00e5gesport 2<\/td>\n<\/tr>\n<tr>\n<td width=\"12%\">23:00<\/td>\n<td width=\"39%\">Vem vet?<\/td>\n<td width=\"59%\">Resultat<\/td>\n<\/tr>\n<\/tbody>\n<\/table>\n<p>&nbsp;<\/p>\n","protected":false},"excerpt":{"rendered":"<p>ARRANG\u00d6RER: Micke Fogl\u00f6v, G\u00f6ran Runeskog och Gunnar Larsson 16\/11-2019&nbsp; TID PLATS AKTIVITET 12:00 Farsta brandstation Innebandy + laglottining 13:30 Farsta brandstation, 1:a femkampsgrenen Softtennis 16:00 Nyfosa, 2:a femkampsgrenen Bordshockey 16:00 Nyfosa, 3:e femkampsgrenen Minipingis 17:00 Nyfosa K\u00e4k (Catering) 20:00 Nyfosa, 4:e femkampsgrenen Fr\u00e5gesport 1 21:00 Nyfosa, 5:e femkampsgrenen Fr\u00e5gesport 2 23:00 Vem vet? Resultat &nbsp;<\/p>\n","protected":false},"author":2,"featured_media":0,"parent":0,"menu_order":0,"comment_status":"closed","ping_status":"closed","template":"","meta":{"_monsterinsights_skip_tracking":false,"_monsterinsights_sitenote_active":false,"_monsterinsights_sitenote_note":"","_monsterinsights_sitenote_category":0,"footnotes":""},"class_list":["post-110","page","type-page","status-publish","hentry"],"_links":{"self":[{"href":"https:\/\/sunmountain.dyndns.info\/index.php\/wp-json\/wp\/v2\/pages\/110","targetHints":{"allow":["GET"]}}],"collection":[{"href":"https:\/\/sunmountain.dyndns.info\/index.php\/wp-json\/wp\/v2\/pages"}],"about":[{"href":"https:\/\/sunmountain.dyndns.info\/index.php\/wp-json\/wp\/v2\/types\/page"}],"author":[{"embeddable":true,"href":"https:\/\/sunmountain.dyndns.info\/index.php\/wp-json\/wp\/v2\/users\/2"}],"replies":[{"embeddable":true,"href":"https:\/\/sunmountain.dyndns.info\/index.php\/wp-json\/wp\/v2\/comments?post=110"}],"version-history":[{"count":20,"href":"https:\/\/sunmountain.dyndns.info\/index.php\/wp-json\/wp\/v2\/pages\/110\/revisions"}],"predecessor-version":[{"id":522,"href":"https:\/\/sunmountain.dyndns.info\/index.php\/wp-json\/wp\/v2\/pages\/110\/revisions\/522"}],"wp:attachment":[{"href":"https:\/\/sunmountain.dyndns.info\/index.php\/wp-json\/wp\/v2\/media?parent=110"}],"curies":[{"name":"wp","href":"https:\/\/api.w.org\/{rel}","templated":true}]}}