{"id":26,"date":"2019-04-13T14:25:31","date_gmt":"2019-04-13T12:25:31","guid":{"rendered":"https:\/\/sunmountain.dyndns.biz:40446\/?page_id=26"},"modified":"2026-03-19T18:35:29","modified_gmt":"2026-03-19T17:35:29","slug":"2011-2","status":"publish","type":"page","link":"https:\/\/sunmountain.dyndns.info\/index.php\/2011-2\/","title":{"rendered":"2011"},"content":{"rendered":"<p>&nbsp;<\/p>\n<p align=\"center\"><span style=\"font-family: Arial Black;\">L\u00f6rdagen 19\/11-2011 p\u00e5 Br\u00e4nnkyrka brandstation, senare hem till G\u00f6ran Runeskog !!.<\/span><\/p>\n<p><center><img loading=\"lazy\" decoding=\"async\" src=\"https:\/\/sunmountain.dyndns.info\/pics2011\/image001.jpg\" width=\"640\" height=\"480\" border=\"0\" \/><\/center>&nbsp;<br \/>\n<center><img loading=\"lazy\" decoding=\"async\" src=\"https:\/\/sunmountain.dyndns.info\/pics2011\/image002.jpg\" width=\"640\" height=\"480\" border=\"0\" \/><\/center>&nbsp;<br \/>\n<center><img loading=\"lazy\" decoding=\"async\" src=\"https:\/\/sunmountain.dyndns.info\/pics2011\/image003.jpg\" width=\"640\" height=\"480\" border=\"0\" \/><\/center>&nbsp;<br \/>\n<center><img loading=\"lazy\" decoding=\"async\" src=\"https:\/\/sunmountain.dyndns.info\/pics2011\/image004.jpg\" width=\"640\" height=\"480\" border=\"0\" \/><\/center>&nbsp;<br \/>\n<center><img loading=\"lazy\" decoding=\"async\" src=\"https:\/\/sunmountain.dyndns.info\/pics2011\/image005.jpg\" width=\"640\" height=\"480\" border=\"0\" \/><\/center>&nbsp;<br \/>\n<center><img loading=\"lazy\" decoding=\"async\" src=\"https:\/\/sunmountain.dyndns.info\/pics2011\/image006.jpg\" width=\"640\" height=\"480\" border=\"0\" \/><\/center>&nbsp;<br \/>\n<center><img loading=\"lazy\" decoding=\"async\" src=\"https:\/\/sunmountain.dyndns.info\/pics2011\/image007.jpg\" width=\"640\" height=\"480\" border=\"0\" \/><\/center>&nbsp;<br \/>\n<center><img loading=\"lazy\" decoding=\"async\" src=\"https:\/\/sunmountain.dyndns.info\/pics2011\/image008.jpg\" width=\"640\" height=\"480\" border=\"0\" \/><\/center>&nbsp;<br \/>\n<center><img loading=\"lazy\" decoding=\"async\" src=\"https:\/\/sunmountain.dyndns.info\/pics2011\/image009.jpg\" width=\"640\" height=\"480\" border=\"0\" \/><\/center>&nbsp;<br \/>\n<center><img loading=\"lazy\" decoding=\"async\" src=\"https:\/\/sunmountain.dyndns.info\/pics2011\/image010.jpg\" width=\"640\" height=\"480\" border=\"0\" \/><\/center>&nbsp;<\/p>\n","protected":false},"excerpt":{"rendered":"<p>&nbsp; L\u00f6rdagen 19\/11-2011 p\u00e5 Br\u00e4nnkyrka brandstation, senare hem till G\u00f6ran Runeskog !!. &nbsp; &nbsp; &nbsp; &nbsp; &nbsp; &nbsp; &nbsp; &nbsp; &nbsp; &nbsp;<\/p>\n","protected":false},"author":2,"featured_media":0,"parent":0,"menu_order":0,"comment_status":"closed","ping_status":"closed","template":"","meta":{"_monsterinsights_skip_tracking":false,"_monsterinsights_sitenote_active":false,"_monsterinsights_sitenote_note":"","_monsterinsights_sitenote_category":0,"footnotes":""},"class_list":["post-26","page","type-page","status-publish","hentry"],"_links":{"self":[{"href":"https:\/\/sunmountain.dyndns.info\/index.php\/wp-json\/wp\/v2\/pages\/26","targetHints":{"allow":["GET"]}}],"collection":[{"href":"https:\/\/sunmountain.dyndns.info\/index.php\/wp-json\/wp\/v2\/pages"}],"about":[{"href":"https:\/\/sunmountain.dyndns.info\/index.php\/wp-json\/wp\/v2\/types\/page"}],"author":[{"embeddable":true,"href":"https:\/\/sunmountain.dyndns.info\/index.php\/wp-json\/wp\/v2\/users\/2"}],"replies":[{"embeddable":true,"href":"https:\/\/sunmountain.dyndns.info\/index.php\/wp-json\/wp\/v2\/comments?post=26"}],"version-history":[{"count":4,"href":"https:\/\/sunmountain.dyndns.info\/index.php\/wp-json\/wp\/v2\/pages\/26\/revisions"}],"predecessor-version":[{"id":620,"href":"https:\/\/sunmountain.dyndns.info\/index.php\/wp-json\/wp\/v2\/pages\/26\/revisions\/620"}],"wp:attachment":[{"href":"https:\/\/sunmountain.dyndns.info\/index.php\/wp-json\/wp\/v2\/media?parent=26"}],"curies":[{"name":"wp","href":"https:\/\/api.w.org\/{rel}","templated":true}]}}