{"id":264,"date":"2019-11-19T16:24:48","date_gmt":"2019-11-19T15:24:48","guid":{"rendered":"https:\/\/sunmountain.dyndns.biz:40446\/?page_id=264"},"modified":"2019-11-19T16:39:24","modified_gmt":"2019-11-19T15:39:24","slug":"2020-2","status":"publish","type":"page","link":"https:\/\/sunmountain.dyndns.info\/index.php\/2020-2\/","title":{"rendered":"2020"},"content":{"rendered":"<p>2020 \u00e5rs tr\u00e4ff g\u00e5r av stapeln l\u00f6rdagen 24\/10-2020.<br \/>\nArrang\u00f6rer \u00e4r Micke Rosberg, Raymond Wemmenl\u00f6v och Bosse Johansson.<\/p>\n<p>V\u00c4L M\u00d6TT ! !<\/p>\n","protected":false},"excerpt":{"rendered":"<p>2020 \u00e5rs tr\u00e4ff g\u00e5r av stapeln l\u00f6rdagen 24\/10-2020. Arrang\u00f6rer \u00e4r Micke Rosberg, Raymond Wemmenl\u00f6v och Bosse Johansson. V\u00c4L M\u00d6TT ! !<\/p>\n","protected":false},"author":2,"featured_media":0,"parent":0,"menu_order":0,"comment_status":"closed","ping_status":"closed","template":"","meta":{"_monsterinsights_skip_tracking":false,"_monsterinsights_sitenote_active":false,"_monsterinsights_sitenote_note":"","_monsterinsights_sitenote_category":0,"footnotes":""},"class_list":["post-264","page","type-page","status-publish","hentry"],"_links":{"self":[{"href":"https:\/\/sunmountain.dyndns.info\/index.php\/wp-json\/wp\/v2\/pages\/264","targetHints":{"allow":["GET"]}}],"collection":[{"href":"https:\/\/sunmountain.dyndns.info\/index.php\/wp-json\/wp\/v2\/pages"}],"about":[{"href":"https:\/\/sunmountain.dyndns.info\/index.php\/wp-json\/wp\/v2\/types\/page"}],"author":[{"embeddable":true,"href":"https:\/\/sunmountain.dyndns.info\/index.php\/wp-json\/wp\/v2\/users\/2"}],"replies":[{"embeddable":true,"href":"https:\/\/sunmountain.dyndns.info\/index.php\/wp-json\/wp\/v2\/comments?post=264"}],"version-history":[{"count":4,"href":"https:\/\/sunmountain.dyndns.info\/index.php\/wp-json\/wp\/v2\/pages\/264\/revisions"}],"predecessor-version":[{"id":291,"href":"https:\/\/sunmountain.dyndns.info\/index.php\/wp-json\/wp\/v2\/pages\/264\/revisions\/291"}],"wp:attachment":[{"href":"https:\/\/sunmountain.dyndns.info\/index.php\/wp-json\/wp\/v2\/media?parent=264"}],"curies":[{"name":"wp","href":"https:\/\/api.w.org\/{rel}","templated":true}]}}