{"id":306,"date":"2021-11-15T18:53:16","date_gmt":"2021-11-15T17:53:16","guid":{"rendered":"https:\/\/sunmountain.dyndns.biz:40446\/?page_id=306"},"modified":"2023-11-10T20:06:00","modified_gmt":"2023-11-10T19:06:00","slug":"2021-3","status":"publish","type":"page","link":"https:\/\/sunmountain.dyndns.info\/index.php\/2021-3\/","title":{"rendered":"2021"},"content":{"rendered":"<p><center>ARRANG\u00d6RER: Bengt Eliar, Per-Erik Johansson och Mikael Fogl\u00f6v 14\/11-2021<\/center>&nbsp;<\/p>\n<div align=\"center\"><\/div>\n<table style=\"border-collapse: collapse;\" border=\"1\" width=\"45%\" cellspacing=\"0\" cellpadding=\"0\">\n<tbody>\n<tr>\n<td width=\"12%\"><b>TID<\/b><\/td>\n<td width=\"49%\"><b>PLATS<\/b><\/td>\n<td width=\"49%\"><b>AKTIVITET<\/b><\/td>\n<\/tr>\n<tr>\n<td width=\"12%\">12:30<\/td>\n<td width=\"49%\">\u00c5rsta Partihallar<\/td>\n<td width=\"49%\">Bowling<\/td>\n<\/tr>\n<tr>\n<td width=\"12%\">15:30<\/td>\n<td width=\"39%\">V\u00e4stberga polishus, 1:a femkampsgrenen<\/td>\n<td width=\"59%\">Softtennis<\/td>\n<\/tr>\n<tr>\n<td width=\"12%\">16:00<\/td>\n<td width=\"39%\">V\u00e4stberga polishus, 2:a femkampsgrenen<\/td>\n<td width=\"59%\">Pingis<\/td>\n<\/tr>\n<tr>\n<td width=\"12%\">16:00<\/td>\n<td width=\"39%\">V\u00e4stberga polishus, 3:e femkampsgrenen<\/td>\n<td width=\"59%\">L\u00e5ngskott innebandym\u00e5l<\/td>\n<\/tr>\n<tr>\n<td width=\"12%\">17:30<\/td>\n<td width=\"39%\">V\u00e4stberga polishus<\/td>\n<td width=\"59%\">K\u00e4k (Catering)<\/td>\n<\/tr>\n<tr>\n<td width=\"12%\">20:00<\/td>\n<td width=\"39%\">V\u00e4stberga polishus, 4:e femkampsgrenen<\/td>\n<td width=\"59%\">Bordshockey<\/td>\n<\/tr>\n<tr>\n<td width=\"12%\">21:00<\/td>\n<td width=\"39%\">V\u00e4stberga polishus, 5:e femkampsgrenen<\/td>\n<td width=\"59%\">Fr\u00e5gesport<\/td>\n<\/tr>\n<tr>\n<td width=\"12%\">23:00<\/td>\n<td width=\"39%\">Vem vet?<\/td>\n<td width=\"59%\">Resultat<\/td>\n<\/tr>\n<\/tbody>\n<\/table>\n<p>&nbsp;<\/p>\n","protected":false},"excerpt":{"rendered":"<p>ARRANG\u00d6RER: Bengt Eliar, Per-Erik Johansson och Mikael Fogl\u00f6v 14\/11-2021&nbsp; TID PLATS AKTIVITET 12:30 \u00c5rsta Partihallar Bowling 15:30 V\u00e4stberga polishus, 1:a femkampsgrenen Softtennis 16:00 V\u00e4stberga polishus, 2:a femkampsgrenen Pingis 16:00 V\u00e4stberga polishus, 3:e femkampsgrenen L\u00e5ngskott innebandym\u00e5l 17:30 V\u00e4stberga polishus K\u00e4k (Catering) 20:00 V\u00e4stberga polishus, 4:e femkampsgrenen Bordshockey 21:00 V\u00e4stberga polishus, 5:e femkampsgrenen Fr\u00e5gesport 23:00 Vem vet? [&hellip;]<\/p>\n","protected":false},"author":2,"featured_media":0,"parent":0,"menu_order":0,"comment_status":"closed","ping_status":"closed","template":"","meta":{"_monsterinsights_skip_tracking":false,"_monsterinsights_sitenote_active":false,"_monsterinsights_sitenote_note":"","_monsterinsights_sitenote_category":0,"footnotes":""},"class_list":["post-306","page","type-page","status-publish","hentry"],"_links":{"self":[{"href":"https:\/\/sunmountain.dyndns.info\/index.php\/wp-json\/wp\/v2\/pages\/306","targetHints":{"allow":["GET"]}}],"collection":[{"href":"https:\/\/sunmountain.dyndns.info\/index.php\/wp-json\/wp\/v2\/pages"}],"about":[{"href":"https:\/\/sunmountain.dyndns.info\/index.php\/wp-json\/wp\/v2\/types\/page"}],"author":[{"embeddable":true,"href":"https:\/\/sunmountain.dyndns.info\/index.php\/wp-json\/wp\/v2\/users\/2"}],"replies":[{"embeddable":true,"href":"https:\/\/sunmountain.dyndns.info\/index.php\/wp-json\/wp\/v2\/comments?post=306"}],"version-history":[{"count":6,"href":"https:\/\/sunmountain.dyndns.info\/index.php\/wp-json\/wp\/v2\/pages\/306\/revisions"}],"predecessor-version":[{"id":521,"href":"https:\/\/sunmountain.dyndns.info\/index.php\/wp-json\/wp\/v2\/pages\/306\/revisions\/521"}],"wp:attachment":[{"href":"https:\/\/sunmountain.dyndns.info\/index.php\/wp-json\/wp\/v2\/media?parent=306"}],"curies":[{"name":"wp","href":"https:\/\/api.w.org\/{rel}","templated":true}]}}