{"id":369,"date":"2022-11-27T19:20:06","date_gmt":"2022-11-27T18:20:06","guid":{"rendered":"https:\/\/sunmountain.dyndns.info:60487\/?page_id=369"},"modified":"2024-12-03T18:30:03","modified_gmt":"2024-12-03T17:30:03","slug":"2023-2","status":"publish","type":"page","link":"https:\/\/sunmountain.dyndns.info\/index.php\/2023-2\/","title":{"rendered":"2023"},"content":{"rendered":"<p><center>ARRANG\u00d6RER: Gunnar Larsson och Raymond Wiklund 28\/10-2023, p\u00e5 Resar\u00f6 (hos Gunnar Larsson)<\/center>&nbsp;<\/p>\n<div align=\"center\"><\/div>\n<table style=\"border-collapse: collapse;\" border=\"1\" width=\"45%\" cellspacing=\"0\" cellpadding=\"0\">\n<tbody>\n<tr>\n<td width=\"12%\"><b>TID<\/b><\/td>\n<td width=\"49%\"><b>PLATS<\/b><\/td>\n<td width=\"49%\"><b>AKTIVITET<\/b><\/td>\n<\/tr>\n<tr>\n<td width=\"12%\">13:00<\/td>\n<td width=\"39%\">Resar\u00f6 Brygga<\/td>\n<td width=\"59%\">Bastu + havsbad<\/td>\n<\/tr>\n<tr>\n<td width=\"12%\">15:00<\/td>\n<td width=\"39%\">Hos Gunnar, 1:a femkampsgrenen<\/td>\n<td width=\"59%\">Boule<\/td>\n<\/tr>\n<tr>\n<td width=\"12%\">16:30<\/td>\n<td width=\"39%\">Hos Gunnar. 2:a femkampsgrenen<\/td>\n<td width=\"59%\">Flipper (Retro)<\/td>\n<\/tr>\n<tr>\n<td width=\"12%\">18:00<\/td>\n<td width=\"39%\">Hos Gunnar<\/td>\n<td width=\"59%\">Middag (Lasagne, Gunnar kock), <\/td>\n<\/tr>\n<tr>\n<td width=\"12%\">19:00<\/td>\n<td width=\"39%\">Hos Gunnar, 3:e femkampsgrenen<\/td>\n<td width=\"59%\">Bordshockey<\/td>\n<\/tr>\n<tr>\n<td width=\"12%\">20:00<\/td>\n<td width=\"39%\">Hos Gunnar, 4:e femkampsgrenen<\/td>\n<td width=\"59%\">Minipingis<\/td>\n<\/tr>\n<tr>\n<td width=\"12%\">21:00-22:30<\/td>\n<td width=\"39%\">Hos Gunnar, 5:e femkampsgrenen<\/td>\n<td width=\"59%\">MIA fr\u00e5gesport<\/td>\n<\/tr>\n<\/tbody>\n<\/table>\n","protected":false},"excerpt":{"rendered":"<p>ARRANG\u00d6RER: Gunnar Larsson och Raymond Wiklund 28\/10-2023, p\u00e5 Resar\u00f6 (hos Gunnar Larsson)&nbsp; TID PLATS AKTIVITET 13:00 Resar\u00f6 Brygga Bastu + havsbad 15:00 Hos Gunnar, 1:a femkampsgrenen Boule 16:30 Hos Gunnar. 2:a femkampsgrenen Flipper (Retro) 18:00 Hos Gunnar Middag (Lasagne, Gunnar kock), 19:00 Hos Gunnar, 3:e femkampsgrenen Bordshockey 20:00 Hos Gunnar, 4:e femkampsgrenen Minipingis 21:00-22:30 Hos [&hellip;]<\/p>\n","protected":false},"author":2,"featured_media":0,"parent":0,"menu_order":0,"comment_status":"closed","ping_status":"closed","template":"","meta":{"_monsterinsights_skip_tracking":false,"_monsterinsights_sitenote_active":false,"_monsterinsights_sitenote_note":"","_monsterinsights_sitenote_category":0,"footnotes":""},"class_list":["post-369","page","type-page","status-publish","hentry"],"_links":{"self":[{"href":"https:\/\/sunmountain.dyndns.info\/index.php\/wp-json\/wp\/v2\/pages\/369","targetHints":{"allow":["GET"]}}],"collection":[{"href":"https:\/\/sunmountain.dyndns.info\/index.php\/wp-json\/wp\/v2\/pages"}],"about":[{"href":"https:\/\/sunmountain.dyndns.info\/index.php\/wp-json\/wp\/v2\/types\/page"}],"author":[{"embeddable":true,"href":"https:\/\/sunmountain.dyndns.info\/index.php\/wp-json\/wp\/v2\/users\/2"}],"replies":[{"embeddable":true,"href":"https:\/\/sunmountain.dyndns.info\/index.php\/wp-json\/wp\/v2\/comments?post=369"}],"version-history":[{"count":11,"href":"https:\/\/sunmountain.dyndns.info\/index.php\/wp-json\/wp\/v2\/pages\/369\/revisions"}],"predecessor-version":[{"id":551,"href":"https:\/\/sunmountain.dyndns.info\/index.php\/wp-json\/wp\/v2\/pages\/369\/revisions\/551"}],"wp:attachment":[{"href":"https:\/\/sunmountain.dyndns.info\/index.php\/wp-json\/wp\/v2\/media?parent=369"}],"curies":[{"name":"wp","href":"https:\/\/api.w.org\/{rel}","templated":true}]}}