{"id":92,"date":"2019-04-13T14:39:59","date_gmt":"2019-04-13T12:39:59","guid":{"rendered":"https:\/\/sunmountain.dyndns.biz:40446\/?page_id=92"},"modified":"2019-04-13T14:45:33","modified_gmt":"2019-04-13T12:45:33","slug":"2005-3","status":"publish","type":"page","link":"https:\/\/sunmountain.dyndns.info\/index.php\/2005-3\/","title":{"rendered":"2005"},"content":{"rendered":"<p><html><br \/>\n<center><\/p>\n<h3>ARRANG\u00d6RER: Hasse Nilsson och Ola Nordstr\u00f6m 19\/11-2005<\/h3>\n<p><\/center><br \/>\n<\/p>\n<div align=\"center\">\n  <center><\/p>\n<table border=\"1\" cellpadding=\"0\" cellspacing=\"0\" style=\"border-collapse: collapse\" bordercolor=\"#111111\" width=\"45%\">\n<tr>\n<td width=\"12%\"><b>TID<\/b><\/td>\n<td width=\"29%\"><b>PLATS<\/b><\/td>\n<td width=\"39%\"><b>AKTIVITET<\/b><\/td>\n<\/tr>\n<tr>\n<td width=\"12%\">13:00<\/td>\n<td width=\"29%\">Medborgarplatsen 25<\/td>\n<td width=\"59%\">Innebandy<\/td>\n<\/tr>\n<tr>\n<td width=\"12%\">14:30<\/td>\n<td width=\"29%\">Medborgarplatsen 25<\/td>\n<td width=\"59%\">1:a och 2:a femkampgrenen.<\/td>\n<\/tr>\n<tr>\n<td width=\"12%\">16:00<\/td>\n<td width=\"29%\">Medborgarplatsen 25<\/td>\n<td width=\"59%\">PLING (Tipsextra)<\/td>\n<\/tr>\n<tr>\n<td width=\"12%\">18:30<\/td>\n<td width=\"29%\">Medborgarplatsen 25<\/td>\n<td width=\"59%\">K\u00e4k (h\u00e4mtas p\u00e5 l\u00e4mplig krog)<\/td>\n<\/tr>\n<tr>\n<td width=\"12%\">19:30<\/td>\n<td width=\"29%\">Medborgarplatsen 25<\/td>\n<td width=\"59%\">Resterande femkamp<\/td>\n<\/tr>\n<tr>\n<td width=\"12%\">23:30<\/td>\n<td width=\"29%\">Medborgarplatsen 25<\/td>\n<td width=\"59%\">Vem vet<\/td>\n<\/tr>\n<\/table>\n<p>  <\/center>\n<\/div>\n<p><\/html><\/p>\n","protected":false},"excerpt":{"rendered":"<p>ARRANG\u00d6RER: Hasse Nilsson och Ola Nordstr\u00f6m 19\/11-2005 TID PLATS AKTIVITET 13:00 Medborgarplatsen 25 Innebandy 14:30 Medborgarplatsen 25 1:a och 2:a femkampgrenen. 16:00 Medborgarplatsen 25 PLING (Tipsextra) 18:30 Medborgarplatsen 25 K\u00e4k (h\u00e4mtas p\u00e5 l\u00e4mplig krog) 19:30 Medborgarplatsen 25 Resterande femkamp 23:30 Medborgarplatsen 25 Vem vet<\/p>\n","protected":false},"author":2,"featured_media":0,"parent":0,"menu_order":0,"comment_status":"closed","ping_status":"closed","template":"","meta":{"_monsterinsights_skip_tracking":false,"_monsterinsights_sitenote_active":false,"_monsterinsights_sitenote_note":"","_monsterinsights_sitenote_category":0,"footnotes":""},"class_list":["post-92","page","type-page","status-publish","hentry"],"_links":{"self":[{"href":"https:\/\/sunmountain.dyndns.info\/index.php\/wp-json\/wp\/v2\/pages\/92","targetHints":{"allow":["GET"]}}],"collection":[{"href":"https:\/\/sunmountain.dyndns.info\/index.php\/wp-json\/wp\/v2\/pages"}],"about":[{"href":"https:\/\/sunmountain.dyndns.info\/index.php\/wp-json\/wp\/v2\/types\/page"}],"author":[{"embeddable":true,"href":"https:\/\/sunmountain.dyndns.info\/index.php\/wp-json\/wp\/v2\/users\/2"}],"replies":[{"embeddable":true,"href":"https:\/\/sunmountain.dyndns.info\/index.php\/wp-json\/wp\/v2\/comments?post=92"}],"version-history":[{"count":4,"href":"https:\/\/sunmountain.dyndns.info\/index.php\/wp-json\/wp\/v2\/pages\/92\/revisions"}],"predecessor-version":[{"id":149,"href":"https:\/\/sunmountain.dyndns.info\/index.php\/wp-json\/wp\/v2\/pages\/92\/revisions\/149"}],"wp:attachment":[{"href":"https:\/\/sunmountain.dyndns.info\/index.php\/wp-json\/wp\/v2\/media?parent=92"}],"curies":[{"name":"wp","href":"https:\/\/api.w.org\/{rel}","templated":true}]}}