{"id":93,"date":"2019-04-13T14:39:59","date_gmt":"2019-04-13T12:39:59","guid":{"rendered":"https:\/\/sunmountain.dyndns.biz:40446\/?page_id=93"},"modified":"2019-04-13T14:54:50","modified_gmt":"2019-04-13T12:54:50","slug":"2006-3","status":"publish","type":"page","link":"https:\/\/sunmountain.dyndns.info\/index.php\/2006-3\/","title":{"rendered":"2006"},"content":{"rendered":"<p>&nbsp;<\/p>\n<p><center><\/center><\/p>\n<h3>ARRANG\u00d6RER: G\u00f6ran Runeskog och Micke Fogl\u00f6v<\/h3>\n<p>&nbsp;<\/p>\n<table border=\"0\" width=\"45%\" cellspacing=\"0\" cellpadding=\"0\">\n<tbody>\n<tr>\n<td width=\"12%\"><b>TID<\/b><\/td>\n<td width=\"29%\"><b>PLATS<\/b><\/td>\n<td width=\"59%\"><b>AKTIVITET<\/b><\/td>\n<\/tr>\n<tr>\n<td width=\"12%\">11:45<\/td>\n<td width=\"29%\">Br\u00e4nnkyrka Brandstation<\/td>\n<td width=\"59%\">Innebandy<\/td>\n<\/tr>\n<tr>\n<td width=\"12%\">14:30<\/td>\n<td width=\"29%\">Br\u00e4nnkyrka brandstation<\/td>\n<td width=\"59%\">1:a och 2:a femkampgrenen.<\/td>\n<\/tr>\n<tr>\n<td width=\"12%\">16:00<\/td>\n<td width=\"29%\">V\u00e4stberga polishus<\/td>\n<td width=\"59%\">PLING (Tipsextra)<\/td>\n<\/tr>\n<tr>\n<td width=\"12%\">18:30<\/td>\n<td width=\"29%\">V\u00e4stberga polishus<\/td>\n<td width=\"59%\">Rostbiff, salami och potatissallad<\/td>\n<\/tr>\n<tr>\n<td width=\"12%\">19:30<\/td>\n<td width=\"29%\">V\u00e4stbserga polishusM<\/td>\n<td width=\"59%\">Resterande femkamp<\/td>\n<\/tr>\n<tr>\n<td width=\"12%\">23:30<\/td>\n<td width=\"29%\">V\u00e4stberga polishusM<\/td>\n<td width=\"59%\">Vem vet<\/td>\n<\/tr>\n<\/tbody>\n<\/table>\n<p>&nbsp;<\/p>\n","protected":false},"excerpt":{"rendered":"<p>&nbsp; ARRANG\u00d6RER: G\u00f6ran Runeskog och Micke Fogl\u00f6v &nbsp; TID PLATS AKTIVITET 11:45 Br\u00e4nnkyrka Brandstation Innebandy 14:30 Br\u00e4nnkyrka brandstation 1:a och 2:a femkampgrenen. 16:00 V\u00e4stberga polishus PLING (Tipsextra) 18:30 V\u00e4stberga polishus Rostbiff, salami och potatissallad 19:30 V\u00e4stbserga polishusM Resterande femkamp 23:30 V\u00e4stberga polishusM Vem vet &nbsp;<\/p>\n","protected":false},"author":2,"featured_media":0,"parent":0,"menu_order":0,"comment_status":"closed","ping_status":"closed","template":"","meta":{"_monsterinsights_skip_tracking":false,"_monsterinsights_sitenote_active":false,"_monsterinsights_sitenote_note":"","_monsterinsights_sitenote_category":0,"footnotes":""},"class_list":["post-93","page","type-page","status-publish","hentry"],"_links":{"self":[{"href":"https:\/\/sunmountain.dyndns.info\/index.php\/wp-json\/wp\/v2\/pages\/93","targetHints":{"allow":["GET"]}}],"collection":[{"href":"https:\/\/sunmountain.dyndns.info\/index.php\/wp-json\/wp\/v2\/pages"}],"about":[{"href":"https:\/\/sunmountain.dyndns.info\/index.php\/wp-json\/wp\/v2\/types\/page"}],"author":[{"embeddable":true,"href":"https:\/\/sunmountain.dyndns.info\/index.php\/wp-json\/wp\/v2\/users\/2"}],"replies":[{"embeddable":true,"href":"https:\/\/sunmountain.dyndns.info\/index.php\/wp-json\/wp\/v2\/comments?post=93"}],"version-history":[{"count":8,"href":"https:\/\/sunmountain.dyndns.info\/index.php\/wp-json\/wp\/v2\/pages\/93\/revisions"}],"predecessor-version":[{"id":156,"href":"https:\/\/sunmountain.dyndns.info\/index.php\/wp-json\/wp\/v2\/pages\/93\/revisions\/156"}],"wp:attachment":[{"href":"https:\/\/sunmountain.dyndns.info\/index.php\/wp-json\/wp\/v2\/media?parent=93"}],"curies":[{"name":"wp","href":"https:\/\/api.w.org\/{rel}","templated":true}]}}