{"id":95,"date":"2019-04-13T14:39:59","date_gmt":"2019-04-13T12:39:59","guid":{"rendered":"https:\/\/sunmountain.dyndns.biz:40446\/?page_id=95"},"modified":"2019-04-13T15:00:49","modified_gmt":"2019-04-13T13:00:49","slug":"2008-3","status":"publish","type":"page","link":"https:\/\/sunmountain.dyndns.info\/index.php\/2008-3\/","title":{"rendered":"2008"},"content":{"rendered":"<p><center>ARRANGORER: Micke T\u00e4ll och Pelle Eriksson<\/center>&nbsp;<\/p>\n<p><center><\/center><\/p>\n<table border=\"1\" width=\"45%\" cellspacing=\"0\" cellpadding=\"0\">\n<tbody>\n<tr>\n<td width=\"12%\"><b>TID<\/b><\/td>\n<td width=\"29%\"><b>PLATS<\/b><\/td>\n<td width=\"59%\"><b>AKTIVITET<\/b><\/td>\n<\/tr>\n<tr>\n<td width=\"12%\">12:00<\/td>\n<td width=\"29%\">Farsta Brandstation<\/td>\n<td width=\"59%\">Innebandy<\/td>\n<\/tr>\n<tr>\n<td width=\"12%\">15:30<\/td>\n<td width=\"29%\">Tunnelbanan<\/td>\n<td width=\"59%\">Fr\u00e5gesport.<\/td>\n<\/tr>\n<tr>\n<td width=\"12%\">16:00<\/td>\n<td width=\"29%\">O&#8217;Learys G\u00f6tgatsbacken<\/td>\n<td width=\"59%\">Mat<\/td>\n<\/tr>\n<tr>\n<td width=\"12%\">18:30<\/td>\n<td width=\"29%\">Bl\u00e5 Porten<\/td>\n<td width=\"59%\">\u00d6l<\/td>\n<\/tr>\n<tr>\n<td width=\"12%\">21:00<\/td>\n<td width=\"29%\">Fasching<\/td>\n<td width=\"59%\">Konsert, Roffe Wikstr\u00f6m<\/td>\n<\/tr>\n<tr>\n<td width=\"12%\">00:30<\/td>\n<td width=\"29%\">Big Ben<\/td>\n<td width=\"59%\">Mer musik<\/td>\n<\/tr>\n<\/tbody>\n<\/table>\n","protected":false},"excerpt":{"rendered":"<p>ARRANGORER: Micke T\u00e4ll och Pelle Eriksson&nbsp; TID PLATS AKTIVITET 12:00 Farsta Brandstation Innebandy 15:30 Tunnelbanan Fr\u00e5gesport. 16:00 O&#8217;Learys G\u00f6tgatsbacken Mat 18:30 Bl\u00e5 Porten \u00d6l 21:00 Fasching Konsert, Roffe Wikstr\u00f6m 00:30 Big Ben Mer musik<\/p>\n","protected":false},"author":2,"featured_media":0,"parent":0,"menu_order":0,"comment_status":"closed","ping_status":"closed","template":"","meta":{"_monsterinsights_skip_tracking":false,"_monsterinsights_sitenote_active":false,"_monsterinsights_sitenote_note":"","_monsterinsights_sitenote_category":0,"footnotes":""},"class_list":["post-95","page","type-page","status-publish","hentry"],"_links":{"self":[{"href":"https:\/\/sunmountain.dyndns.info\/index.php\/wp-json\/wp\/v2\/pages\/95","targetHints":{"allow":["GET"]}}],"collection":[{"href":"https:\/\/sunmountain.dyndns.info\/index.php\/wp-json\/wp\/v2\/pages"}],"about":[{"href":"https:\/\/sunmountain.dyndns.info\/index.php\/wp-json\/wp\/v2\/types\/page"}],"author":[{"embeddable":true,"href":"https:\/\/sunmountain.dyndns.info\/index.php\/wp-json\/wp\/v2\/users\/2"}],"replies":[{"embeddable":true,"href":"https:\/\/sunmountain.dyndns.info\/index.php\/wp-json\/wp\/v2\/comments?post=95"}],"version-history":[{"count":2,"href":"https:\/\/sunmountain.dyndns.info\/index.php\/wp-json\/wp\/v2\/pages\/95\/revisions"}],"predecessor-version":[{"id":162,"href":"https:\/\/sunmountain.dyndns.info\/index.php\/wp-json\/wp\/v2\/pages\/95\/revisions\/162"}],"wp:attachment":[{"href":"https:\/\/sunmountain.dyndns.info\/index.php\/wp-json\/wp\/v2\/media?parent=95"}],"curies":[{"name":"wp","href":"https:\/\/api.w.org\/{rel}","templated":true}]}}