{"id":98,"date":"2019-04-13T14:39:59","date_gmt":"2019-04-13T12:39:59","guid":{"rendered":"https:\/\/sunmountain.dyndns.biz:40446\/?page_id=98"},"modified":"2019-04-13T15:05:53","modified_gmt":"2019-04-13T13:05:53","slug":"2011-3","status":"publish","type":"page","link":"https:\/\/sunmountain.dyndns.info\/index.php\/2011-3\/","title":{"rendered":"2011"},"content":{"rendered":"<p><center>ARRANG\u00d6RER:<\/center>&nbsp;<\/p>\n<table border=\"1\" width=\"45%\" cellspacing=\"0\" cellpadding=\"0\">\n<tbody>\n<tr>\n<td width=\"12%\"><b>TID<\/b><\/td>\n<td width=\"29%\"><b>PLATS<\/b><\/td>\n<td width=\"59%\"><b>AKTIVITET<\/b><\/td>\n<\/tr>\n<tr>\n<td width=\"12%\">12:00<\/td>\n<td width=\"29%\">Br\u00e4nnkyrka brandstation<\/td>\n<td width=\"59%\">innebandy<\/td>\n<\/tr>\n<tr>\n<td width=\"12%\">16:00<\/td>\n<td width=\"29%\">Hemma hos G\u00f6ran Runeskog<\/td>\n<td width=\"59%\">5-kamp<\/td>\n<\/tr>\n<tr>\n<td width=\"12%\">18:00<\/td>\n<td width=\"29%\">G\u00f6ran Runeskog buffe<\/td>\n<td width=\"59%\">Mat<\/td>\n<\/tr>\n<tr>\n<td width=\"12%\">19:00<\/td>\n<td width=\"29%\">G\u00f6ran Runeskog<\/td>\n<td width=\"59%\">5-kamp<\/td>\n<\/tr>\n<\/tbody>\n<\/table>\n<p>&nbsp;<\/p>\n","protected":false},"excerpt":{"rendered":"<p>ARRANG\u00d6RER:&nbsp; TID PLATS AKTIVITET 12:00 Br\u00e4nnkyrka brandstation innebandy 16:00 Hemma hos G\u00f6ran Runeskog 5-kamp 18:00 G\u00f6ran Runeskog buffe Mat 19:00 G\u00f6ran Runeskog 5-kamp &nbsp;<\/p>\n","protected":false},"author":2,"featured_media":0,"parent":0,"menu_order":0,"comment_status":"closed","ping_status":"closed","template":"","meta":{"_monsterinsights_skip_tracking":false,"_monsterinsights_sitenote_active":false,"_monsterinsights_sitenote_note":"","_monsterinsights_sitenote_category":0,"footnotes":""},"class_list":["post-98","page","type-page","status-publish","hentry"],"_links":{"self":[{"href":"https:\/\/sunmountain.dyndns.info\/index.php\/wp-json\/wp\/v2\/pages\/98","targetHints":{"allow":["GET"]}}],"collection":[{"href":"https:\/\/sunmountain.dyndns.info\/index.php\/wp-json\/wp\/v2\/pages"}],"about":[{"href":"https:\/\/sunmountain.dyndns.info\/index.php\/wp-json\/wp\/v2\/types\/page"}],"author":[{"embeddable":true,"href":"https:\/\/sunmountain.dyndns.info\/index.php\/wp-json\/wp\/v2\/users\/2"}],"replies":[{"embeddable":true,"href":"https:\/\/sunmountain.dyndns.info\/index.php\/wp-json\/wp\/v2\/comments?post=98"}],"version-history":[{"count":4,"href":"https:\/\/sunmountain.dyndns.info\/index.php\/wp-json\/wp\/v2\/pages\/98\/revisions"}],"predecessor-version":[{"id":167,"href":"https:\/\/sunmountain.dyndns.info\/index.php\/wp-json\/wp\/v2\/pages\/98\/revisions\/167"}],"wp:attachment":[{"href":"https:\/\/sunmountain.dyndns.info\/index.php\/wp-json\/wp\/v2\/media?parent=98"}],"curies":[{"name":"wp","href":"https:\/\/api.w.org\/{rel}","templated":true}]}}